{"id":5857,"date":"2022-06-17T00:40:15","date_gmt":"2022-06-16T23:40:15","guid":{"rendered":"https:\/\/test.maciabatle.com\/vinos\/blanc-de-blanc-dolc-2019\/"},"modified":"2024-08-30T10:10:30","modified_gmt":"2024-08-30T09:10:30","slug":"blanc-de-blanc-dolc-2019","status":"publish","type":"product","link":"https:\/\/www.maciabatle.com\/en\/vinos\/blanc-de-blanc-dolc-2019\/","title":{"rendered":"Blanc de Blanc Dol\u00e7 2019"},"content":{"rendered":"","protected":false},"excerpt":{"rendered":"<p>[vc_row][vc_column][vc_empty_space height=&#8221;40px&#8221; alter_height=&#8221;none&#8221; hide_on_mobile=&#8221;&#8221;][vc_column_text]<\/p>\n<h2>Maci\u00e0 Batle Blanc de Blancs 2019<\/h2>\n<p>Prensal blanc, Chardonay and Moscatel<big><\/big><\/p>\n<p>COLOR: Yellow color with greenish reflections. Clean and bright appearance.<\/p>\n<p>AROMA: Intense varietal aroma with outstanding notes of tropical fruits, peach, grapefruit, apple, fennel.<\/p>\n<p>TASTE: Intense, unctuous, fresh and balanced.<\/p>\n<p>[\/vc_column_text][\/vc_column][\/vc_row]<\/p>\n","protected":false},"featured_media":5697,"template":"","meta":[],"product_cat":[159,80],"product_tag":[],"yoast_head":"<!-- This site is optimized with the Yoast SEO plugin v22.9 - https:\/\/yoast.com\/wordpress\/plugins\/seo\/ -->\n<title>Blanc de Blanc Dol\u00e7 2019 - Maci\u00e0 Batle<\/title>\n<meta name=\"robots\" content=\"index, follow, max-snippet:-1, max-image-preview:large, max-video-preview:-1\" \/>\n<link rel=\"canonical\" href=\"https:\/\/www.maciabatle.com\/en\/vinos\/blanc-de-blanc-dolc-2019\/\" \/>\n<meta property=\"og:locale\" content=\"en_US\" \/>\n<meta property=\"og:type\" content=\"article\" \/>\n<meta property=\"og:title\" content=\"Blanc de Blanc Dol\u00e7 2019 - Maci\u00e0 Batle\" \/>\n<meta property=\"og:description\" content=\"[vc_row][vc_column][vc_empty_space height=&quot;40px&quot; alter_height=&quot;none&quot; hide_on_mobile=&quot;&quot;][vc_column_text] Maci\u00e0 Batle Blanc de Blancs 2019 Prensal blanc, Chardonay and Moscatel  COLOR: Yellow color with greenish reflections. Clean and bright appearance.  AROMA: Intense varietal aroma with outstanding notes of tropical fruits, peach, grapefruit, apple, fennel.  TASTE: Intense, unctuous, fresh and balanced.  [\/vc_column_text][\/vc_column][\/vc_row]\" \/>\n<meta property=\"og:url\" content=\"https:\/\/www.maciabatle.com\/en\/vinos\/blanc-de-blanc-dolc-2019\/\" \/>\n<meta property=\"og:site_name\" content=\"Maci\u00e0 Batle\" \/>\n<meta property=\"article:publisher\" content=\"https:\/\/www.facebook.com\/bodeguesmaciabatle\/\" \/>\n<meta property=\"article:modified_time\" content=\"2024-08-30T09:10:30+00:00\" \/>\n<meta property=\"og:image\" content=\"https:\/\/www.maciabatle.com\/wp-content\/uploads\/2022\/06\/VI-DOLC-BLANC-DE-BLANCS-2019.png\" \/>\n\t<meta property=\"og:image:width\" content=\"500\" \/>\n\t<meta property=\"og:image:height\" content=\"600\" \/>\n\t<meta property=\"og:image:type\" content=\"image\/png\" \/>\n<meta name=\"twitter:card\" content=\"summary_large_image\" \/>\n<script type=\"application\/ld+json\" class=\"yoast-schema-graph\">{\"@context\":\"https:\/\/schema.org\",\"@graph\":[{\"@type\":\"WebPage\",\"@id\":\"https:\/\/www.maciabatle.com\/en\/vinos\/blanc-de-blanc-dolc-2019\/\",\"url\":\"https:\/\/www.maciabatle.com\/en\/vinos\/blanc-de-blanc-dolc-2019\/\",\"name\":\"Blanc de Blanc Dol\u00e7 2019 - Maci\u00e0 Batle\",\"isPartOf\":{\"@id\":\"https:\/\/www.maciabatle.com\/#website\"},\"primaryImageOfPage\":{\"@id\":\"https:\/\/www.maciabatle.com\/en\/vinos\/blanc-de-blanc-dolc-2019\/#primaryimage\"},\"image\":{\"@id\":\"https:\/\/www.maciabatle.com\/en\/vinos\/blanc-de-blanc-dolc-2019\/#primaryimage\"},\"thumbnailUrl\":\"https:\/\/www.maciabatle.com\/wp-content\/uploads\/2022\/06\/VI-DOLC-BLANC-DE-BLANCS-2019.png\",\"datePublished\":\"2022-06-16T23:40:15+00:00\",\"dateModified\":\"2024-08-30T09:10:30+00:00\",\"breadcrumb\":{\"@id\":\"https:\/\/www.maciabatle.com\/en\/vinos\/blanc-de-blanc-dolc-2019\/#breadcrumb\"},\"inLanguage\":\"en-US\",\"potentialAction\":[{\"@type\":\"ReadAction\",\"target\":[\"https:\/\/www.maciabatle.com\/en\/vinos\/blanc-de-blanc-dolc-2019\/\"]}]},{\"@type\":\"ImageObject\",\"inLanguage\":\"en-US\",\"@id\":\"https:\/\/www.maciabatle.com\/en\/vinos\/blanc-de-blanc-dolc-2019\/#primaryimage\",\"url\":\"https:\/\/www.maciabatle.com\/wp-content\/uploads\/2022\/06\/VI-DOLC-BLANC-DE-BLANCS-2019.png\",\"contentUrl\":\"https:\/\/www.maciabatle.com\/wp-content\/uploads\/2022\/06\/VI-DOLC-BLANC-DE-BLANCS-2019.png\",\"width\":500,\"height\":600,\"caption\":\"Vi Dol\u00e7 Blanc de Blancs 2019 - Bodegas Macia Batle\"},{\"@type\":\"BreadcrumbList\",\"@id\":\"https:\/\/www.maciabatle.com\/en\/vinos\/blanc-de-blanc-dolc-2019\/#breadcrumb\",\"itemListElement\":[{\"@type\":\"ListItem\",\"position\":1,\"name\":\"Portada\",\"item\":\"https:\/\/www.maciabatle.com\/en\/\"},{\"@type\":\"ListItem\",\"position\":2,\"name\":\"Productos\",\"item\":\"https:\/\/www.maciabatle.com\/vinos\/\"},{\"@type\":\"ListItem\",\"position\":3,\"name\":\"Blanc de Blanc Dol\u00e7 2019\"}]},{\"@type\":\"WebSite\",\"@id\":\"https:\/\/www.maciabatle.com\/#website\",\"url\":\"https:\/\/www.maciabatle.com\/\",\"name\":\"Bodegues Maci\u00e0 Batle\",\"description\":\"P\u00e1gina oficial Maci\u00e0 Batle\",\"publisher\":{\"@id\":\"https:\/\/www.maciabatle.com\/#organization\"},\"alternateName\":\"Bodegues Maci\u00e0 Batle\",\"potentialAction\":[{\"@type\":\"SearchAction\",\"target\":{\"@type\":\"EntryPoint\",\"urlTemplate\":\"https:\/\/www.maciabatle.com\/?s={search_term_string}\"},\"query-input\":\"required name=search_term_string\"}],\"inLanguage\":\"en-US\"},{\"@type\":\"Organization\",\"@id\":\"https:\/\/www.maciabatle.com\/#organization\",\"name\":\"Bodegues Maci\u00e0 Batle\",\"url\":\"https:\/\/www.maciabatle.com\/\",\"logo\":{\"@type\":\"ImageObject\",\"inLanguage\":\"en-US\",\"@id\":\"https:\/\/www.maciabatle.com\/#\/schema\/logo\/image\/\",\"url\":\"https:\/\/www.maciabatle.com\/wp-content\/uploads\/2017\/06\/logo.png\",\"contentUrl\":\"https:\/\/www.maciabatle.com\/wp-content\/uploads\/2017\/06\/logo.png\",\"width\":350,\"height\":96,\"caption\":\"Bodegues Maci\u00e0 Batle\"},\"image\":{\"@id\":\"https:\/\/www.maciabatle.com\/#\/schema\/logo\/image\/\"},\"sameAs\":[\"https:\/\/www.facebook.com\/bodeguesmaciabatle\/\",\"https:\/\/www.instagram.com\/maciabatle\/\",\"https:\/\/www.youtube.com\/channel\/UCw_kyI3pJ3TXQRIavgBn2xw\"]}]}<\/script>\n<!-- \/ Yoast SEO plugin. -->","yoast_head_json":{"title":"Blanc de Blanc Dol\u00e7 2019 - Maci\u00e0 Batle","robots":{"index":"index","follow":"follow","max-snippet":"max-snippet:-1","max-image-preview":"max-image-preview:large","max-video-preview":"max-video-preview:-1"},"canonical":"https:\/\/www.maciabatle.com\/en\/vinos\/blanc-de-blanc-dolc-2019\/","og_locale":"en_US","og_type":"article","og_title":"Blanc de Blanc Dol\u00e7 2019 - Maci\u00e0 Batle","og_description":"[vc_row][vc_column][vc_empty_space height=\"40px\" alter_height=\"none\" hide_on_mobile=\"\"][vc_column_text] Maci\u00e0 Batle Blanc de Blancs 2019 Prensal blanc, Chardonay and Moscatel  COLOR: Yellow color with greenish reflections. Clean and bright appearance.  AROMA: Intense varietal aroma with outstanding notes of tropical fruits, peach, grapefruit, apple, fennel.  TASTE: Intense, unctuous, fresh and balanced.  [\/vc_column_text][\/vc_column][\/vc_row]","og_url":"https:\/\/www.maciabatle.com\/en\/vinos\/blanc-de-blanc-dolc-2019\/","og_site_name":"Maci\u00e0 Batle","article_publisher":"https:\/\/www.facebook.com\/bodeguesmaciabatle\/","article_modified_time":"2024-08-30T09:10:30+00:00","og_image":[{"width":500,"height":600,"url":"https:\/\/www.maciabatle.com\/wp-content\/uploads\/2022\/06\/VI-DOLC-BLANC-DE-BLANCS-2019.png","type":"image\/png"}],"twitter_card":"summary_large_image","schema":{"@context":"https:\/\/schema.org","@graph":[{"@type":"WebPage","@id":"https:\/\/www.maciabatle.com\/en\/vinos\/blanc-de-blanc-dolc-2019\/","url":"https:\/\/www.maciabatle.com\/en\/vinos\/blanc-de-blanc-dolc-2019\/","name":"Blanc de Blanc Dol\u00e7 2019 - Maci\u00e0 Batle","isPartOf":{"@id":"https:\/\/www.maciabatle.com\/#website"},"primaryImageOfPage":{"@id":"https:\/\/www.maciabatle.com\/en\/vinos\/blanc-de-blanc-dolc-2019\/#primaryimage"},"image":{"@id":"https:\/\/www.maciabatle.com\/en\/vinos\/blanc-de-blanc-dolc-2019\/#primaryimage"},"thumbnailUrl":"https:\/\/www.maciabatle.com\/wp-content\/uploads\/2022\/06\/VI-DOLC-BLANC-DE-BLANCS-2019.png","datePublished":"2022-06-16T23:40:15+00:00","dateModified":"2024-08-30T09:10:30+00:00","breadcrumb":{"@id":"https:\/\/www.maciabatle.com\/en\/vinos\/blanc-de-blanc-dolc-2019\/#breadcrumb"},"inLanguage":"en-US","potentialAction":[{"@type":"ReadAction","target":["https:\/\/www.maciabatle.com\/en\/vinos\/blanc-de-blanc-dolc-2019\/"]}]},{"@type":"ImageObject","inLanguage":"en-US","@id":"https:\/\/www.maciabatle.com\/en\/vinos\/blanc-de-blanc-dolc-2019\/#primaryimage","url":"https:\/\/www.maciabatle.com\/wp-content\/uploads\/2022\/06\/VI-DOLC-BLANC-DE-BLANCS-2019.png","contentUrl":"https:\/\/www.maciabatle.com\/wp-content\/uploads\/2022\/06\/VI-DOLC-BLANC-DE-BLANCS-2019.png","width":500,"height":600,"caption":"Vi Dol\u00e7 Blanc de Blancs 2019 - Bodegas Macia Batle"},{"@type":"BreadcrumbList","@id":"https:\/\/www.maciabatle.com\/en\/vinos\/blanc-de-blanc-dolc-2019\/#breadcrumb","itemListElement":[{"@type":"ListItem","position":1,"name":"Portada","item":"https:\/\/www.maciabatle.com\/en\/"},{"@type":"ListItem","position":2,"name":"Productos","item":"https:\/\/www.maciabatle.com\/vinos\/"},{"@type":"ListItem","position":3,"name":"Blanc de Blanc Dol\u00e7 2019"}]},{"@type":"WebSite","@id":"https:\/\/www.maciabatle.com\/#website","url":"https:\/\/www.maciabatle.com\/","name":"Bodegues Maci\u00e0 Batle","description":"P\u00e1gina oficial Maci\u00e0 Batle","publisher":{"@id":"https:\/\/www.maciabatle.com\/#organization"},"alternateName":"Bodegues Maci\u00e0 Batle","potentialAction":[{"@type":"SearchAction","target":{"@type":"EntryPoint","urlTemplate":"https:\/\/www.maciabatle.com\/?s={search_term_string}"},"query-input":"required name=search_term_string"}],"inLanguage":"en-US"},{"@type":"Organization","@id":"https:\/\/www.maciabatle.com\/#organization","name":"Bodegues Maci\u00e0 Batle","url":"https:\/\/www.maciabatle.com\/","logo":{"@type":"ImageObject","inLanguage":"en-US","@id":"https:\/\/www.maciabatle.com\/#\/schema\/logo\/image\/","url":"https:\/\/www.maciabatle.com\/wp-content\/uploads\/2017\/06\/logo.png","contentUrl":"https:\/\/www.maciabatle.com\/wp-content\/uploads\/2017\/06\/logo.png","width":350,"height":96,"caption":"Bodegues Maci\u00e0 Batle"},"image":{"@id":"https:\/\/www.maciabatle.com\/#\/schema\/logo\/image\/"},"sameAs":["https:\/\/www.facebook.com\/bodeguesmaciabatle\/","https:\/\/www.instagram.com\/maciabatle\/","https:\/\/www.youtube.com\/channel\/UCw_kyI3pJ3TXQRIavgBn2xw"]}]}},"_links":{"self":[{"href":"https:\/\/www.maciabatle.com\/en\/wp-json\/wp\/v3\/product\/5857"}],"collection":[{"href":"https:\/\/www.maciabatle.com\/en\/wp-json\/wp\/v3\/product"}],"about":[{"href":"https:\/\/www.maciabatle.com\/en\/wp-json\/wp\/v2\/types\/product"}],"version-history":[{"count":1,"href":"https:\/\/www.maciabatle.com\/en\/wp-json\/wp\/v3\/product\/5857\/revisions"}],"predecessor-version":[{"id":10935,"href":"https:\/\/www.maciabatle.com\/en\/wp-json\/wp\/v3\/product\/5857\/revisions\/10935"}],"wp:featuredmedia":[{"embeddable":true,"href":"https:\/\/www.maciabatle.com\/en\/wp-json\/wp\/v2\/media\/5697"}],"wp:attachment":[{"href":"https:\/\/www.maciabatle.com\/en\/wp-json\/wp\/v2\/media?parent=5857"}],"wp:term":[{"taxonomy":"product_cat","embeddable":true,"href":"https:\/\/www.maciabatle.com\/en\/wp-json\/wp\/v2\/product_cat?post=5857"},{"taxonomy":"product_tag","embeddable":true,"href":"https:\/\/www.maciabatle.com\/en\/wp-json\/wp\/v2\/product_tag?post=5857"}],"curies":[{"name":"wp","href":"https:\/\/api.w.org\/{rel}","templated":true}]}}