{"id":2142,"date":"2017-07-05T15:01:42","date_gmt":"2017-07-05T15:01:42","guid":{"rendered":"https:\/\/test.maciabatle.com\/arte-reserva\/jaume-plensa\/"},"modified":"2017-08-03T11:18:14","modified_gmt":"2017-08-03T11:18:14","slug":"jaume-plensa","status":"publish","type":"page","link":"https:\/\/www.maciabatle.com\/en\/arte-reserva\/jaume-plensa\/","title":{"rendered":"Jaume Plensa"},"content":{"rendered":"<div class=\"wpb-content-wrapper\"><p>[vc_row][vc_column width=&#8221;1\/3&#8243; el_class=&#8221;center&#8221;][vc_gallery type=&#8221;flexslider_slide&#8221; interval=&#8221;0&#8243; images=&#8221;1558,1469&#8243; img_size=&#8221;full&#8221;][\/vc_column][vc_column width=&#8221;2\/3&#8243;][vc_empty_space height=&#8221;40px&#8221; alter_height=&#8221;none&#8221; hide_on_mobile=&#8221;&#8221;][vc_column_text]<\/p>\n<h2>Jaume Plensa<\/h2>\n<p style=\"margin-top: 18.75pt; line-height: 16.2pt; background: white;\"><span style=\"font-size: 9.0pt; font-family: Helvetica; color: black;\">Born in Barcelona in 1955<\/span><\/p>\n<p style=\"margin-top: 18.75pt; line-height: 16.2pt; background: white;\"><span style=\"font-size: 9.0pt; font-family: Helvetica; color: black;\">From 1980 with his first exhibition in Barcelona until today, he has lived and worked in Berlin, Brussels, England, France, USA, and he currently shares his residence between Paris and Barcelona.<\/span><span style=\"font-size: 9.0pt; font-family: 'Lucida Grande'; color: black;\"><br \/>\n<\/span><span style=\"font-size: 9.0pt; font-family: Helvetica; color: black;\">He has been a teacher at the \u00c9cole Nationale des Beaux-Arts in Paris and has also been a lecturer at many universities and art institutions. He collaborates as professor invited at the School of the Art Institute of Chicago.<br \/>\nSince 1992 he has obtained various distinctions and awards, both national and international, notably his investiture as a Chevalier des Arts et des Lettres by the French Ministry of Culture (Paris, 1993), the National Culture Award for Plastic Arts of the Government of Catalonia (Barcelona, 1997), Honorary Doctorate from the School of the Art Institute of Chicago (Chicago, 2005), the Mash Award for Public Sculpture (London, 2009), the National Award for Plastic Arts (Madrid, 2012), and most recently, the National Award for Graphic Arts 2013 (Madrid, 2013)<br \/>\nHis sculptural work has gone through several stages developed largely with recuperation materials, iron, bronze, cooper, \u2026 In 1986, he started a series of cast iron sculptures, then he incorporated light and relief written text. Recently his melting materials have been synthetic resin, glass, alabaster, plastic, light, video and sound. He also has a large production of works on paper and etchings.<br \/>\nBeside his sculptural oeuvre he is collaborating often working on stage design and costumes for opera and theatre productions.<\/span><\/p>\n<p><a class=\"jeje\" href=\"http:\/\/jaumeplensa.com\/\" target=\"_blank\" rel=\"noopener\">http:\/\/jaumeplensa.com<\/a>[\/vc_column_text][vc_empty_space height=&#8221;40px&#8221; alter_height=&#8221;none&#8221; hide_on_mobile=&#8221;&#8221;][\/vc_column][\/vc_row]<\/p>\n<\/div>","protected":false},"excerpt":{"rendered":"<p>[vc_row][vc_column width=&#8221;1\/3&#8243; el_class=&#8221;center&#8221;][vc_gallery type=&#8221;flexslider_slide&#8221; interval=&#8221;0&#8243; images=&#8221;1558,1469&#8243; img_size=&#8221;full&#8221;][\/vc_column][vc_column width=&#8221;2\/3&#8243;][vc_empty_space height=&#8221;40px&#8221; alter_height=&#8221;none&#8221; hide_on_mobile=&#8221;&#8221;][vc_column_text] Jaume Plensa Born in Barcelona in 1955 From 1980 with his first exhibition in Barcelona until today, he has lived and worked in Berlin, Brussels, England, France, USA, and he currently shares his residence between Paris and Barcelona. He has been a teacher at&hellip;<\/p>\n","protected":false},"author":4,"featured_media":0,"parent":1770,"menu_order":0,"comment_status":"closed","ping_status":"closed","template":"","meta":{"footnotes":""},"yoast_head":"<!-- This site is optimized with the Yoast SEO plugin v22.9 - https:\/\/yoast.com\/wordpress\/plugins\/seo\/ -->\n<title>Jaume Plensa - Maci\u00e0 Batle<\/title>\n<meta name=\"robots\" content=\"index, follow, max-snippet:-1, max-image-preview:large, max-video-preview:-1\" \/>\n<link rel=\"canonical\" href=\"https:\/\/www.maciabatle.com\/en\/arte-reserva\/jaume-plensa\/\" \/>\n<meta property=\"og:locale\" content=\"en_US\" \/>\n<meta property=\"og:type\" content=\"article\" \/>\n<meta property=\"og:title\" content=\"Jaume Plensa - Maci\u00e0 Batle\" \/>\n<meta property=\"og:description\" content=\"[vc_row][vc_column width=&#8221;1\/3&#8243; el_class=&#8221;center&#8221;][vc_gallery type=&#8221;flexslider_slide&#8221; interval=&#8221;0&#8243; images=&#8221;1558,1469&#8243; img_size=&#8221;full&#8221;][\/vc_column][vc_column width=&#8221;2\/3&#8243;][vc_empty_space height=&#8221;40px&#8221; alter_height=&#8221;none&#8221; hide_on_mobile=&#8221;&#8221;][vc_column_text] Jaume Plensa Born in Barcelona in 1955 From 1980 with his first exhibition in Barcelona until today, he has lived and worked in Berlin, Brussels, England, France, USA, and he currently shares his residence between Paris and Barcelona. He has been a teacher at&hellip;\" \/>\n<meta property=\"og:url\" content=\"https:\/\/www.maciabatle.com\/en\/arte-reserva\/jaume-plensa\/\" \/>\n<meta property=\"og:site_name\" content=\"Maci\u00e0 Batle\" \/>\n<meta property=\"article:publisher\" content=\"https:\/\/www.facebook.com\/bodeguesmaciabatle\/\" \/>\n<meta property=\"article:modified_time\" content=\"2017-08-03T11:18:14+00:00\" \/>\n<meta name=\"twitter:card\" content=\"summary_large_image\" \/>\n<meta name=\"twitter:label1\" content=\"Est. reading time\" \/>\n\t<meta name=\"twitter:data1\" content=\"1 minute\" \/>\n<script type=\"application\/ld+json\" class=\"yoast-schema-graph\">{\"@context\":\"https:\/\/schema.org\",\"@graph\":[{\"@type\":\"WebPage\",\"@id\":\"https:\/\/www.maciabatle.com\/en\/arte-reserva\/jaume-plensa\/\",\"url\":\"https:\/\/www.maciabatle.com\/en\/arte-reserva\/jaume-plensa\/\",\"name\":\"Jaume Plensa - Maci\u00e0 Batle\",\"isPartOf\":{\"@id\":\"https:\/\/www.maciabatle.com\/#website\"},\"datePublished\":\"2017-07-05T15:01:42+00:00\",\"dateModified\":\"2017-08-03T11:18:14+00:00\",\"breadcrumb\":{\"@id\":\"https:\/\/www.maciabatle.com\/en\/arte-reserva\/jaume-plensa\/#breadcrumb\"},\"inLanguage\":\"en-US\",\"potentialAction\":[{\"@type\":\"ReadAction\",\"target\":[\"https:\/\/www.maciabatle.com\/en\/arte-reserva\/jaume-plensa\/\"]}]},{\"@type\":\"BreadcrumbList\",\"@id\":\"https:\/\/www.maciabatle.com\/en\/arte-reserva\/jaume-plensa\/#breadcrumb\",\"itemListElement\":[{\"@type\":\"ListItem\",\"position\":1,\"name\":\"Portada\",\"item\":\"https:\/\/www.maciabatle.com\/en\/\"},{\"@type\":\"ListItem\",\"position\":2,\"name\":\"Reserve\",\"item\":\"https:\/\/www.maciabatle.com\/en\/arte-reserva\/\"},{\"@type\":\"ListItem\",\"position\":3,\"name\":\"Jaume Plensa\"}]},{\"@type\":\"WebSite\",\"@id\":\"https:\/\/www.maciabatle.com\/#website\",\"url\":\"https:\/\/www.maciabatle.com\/\",\"name\":\"Bodegues Maci\u00e0 Batle\",\"description\":\"P\u00e1gina oficial Maci\u00e0 Batle\",\"publisher\":{\"@id\":\"https:\/\/www.maciabatle.com\/#organization\"},\"alternateName\":\"Bodegues Maci\u00e0 Batle\",\"potentialAction\":[{\"@type\":\"SearchAction\",\"target\":{\"@type\":\"EntryPoint\",\"urlTemplate\":\"https:\/\/www.maciabatle.com\/?s={search_term_string}\"},\"query-input\":\"required name=search_term_string\"}],\"inLanguage\":\"en-US\"},{\"@type\":\"Organization\",\"@id\":\"https:\/\/www.maciabatle.com\/#organization\",\"name\":\"Bodegues Maci\u00e0 Batle\",\"url\":\"https:\/\/www.maciabatle.com\/\",\"logo\":{\"@type\":\"ImageObject\",\"inLanguage\":\"en-US\",\"@id\":\"https:\/\/www.maciabatle.com\/#\/schema\/logo\/image\/\",\"url\":\"https:\/\/www.maciabatle.com\/wp-content\/uploads\/2017\/06\/logo.png\",\"contentUrl\":\"https:\/\/www.maciabatle.com\/wp-content\/uploads\/2017\/06\/logo.png\",\"width\":350,\"height\":96,\"caption\":\"Bodegues Maci\u00e0 Batle\"},\"image\":{\"@id\":\"https:\/\/www.maciabatle.com\/#\/schema\/logo\/image\/\"},\"sameAs\":[\"https:\/\/www.facebook.com\/bodeguesmaciabatle\/\",\"https:\/\/www.instagram.com\/maciabatle\/\",\"https:\/\/www.youtube.com\/channel\/UCw_kyI3pJ3TXQRIavgBn2xw\"]}]}<\/script>\n<!-- \/ Yoast SEO plugin. -->","yoast_head_json":{"title":"Jaume Plensa - Maci\u00e0 Batle","robots":{"index":"index","follow":"follow","max-snippet":"max-snippet:-1","max-image-preview":"max-image-preview:large","max-video-preview":"max-video-preview:-1"},"canonical":"https:\/\/www.maciabatle.com\/en\/arte-reserva\/jaume-plensa\/","og_locale":"en_US","og_type":"article","og_title":"Jaume Plensa - Maci\u00e0 Batle","og_description":"[vc_row][vc_column width=&#8221;1\/3&#8243; el_class=&#8221;center&#8221;][vc_gallery type=&#8221;flexslider_slide&#8221; interval=&#8221;0&#8243; images=&#8221;1558,1469&#8243; img_size=&#8221;full&#8221;][\/vc_column][vc_column width=&#8221;2\/3&#8243;][vc_empty_space height=&#8221;40px&#8221; alter_height=&#8221;none&#8221; hide_on_mobile=&#8221;&#8221;][vc_column_text] Jaume Plensa Born in Barcelona in 1955 From 1980 with his first exhibition in Barcelona until today, he has lived and worked in Berlin, Brussels, England, France, USA, and he currently shares his residence between Paris and Barcelona. He has been a teacher at&hellip;","og_url":"https:\/\/www.maciabatle.com\/en\/arte-reserva\/jaume-plensa\/","og_site_name":"Maci\u00e0 Batle","article_publisher":"https:\/\/www.facebook.com\/bodeguesmaciabatle\/","article_modified_time":"2017-08-03T11:18:14+00:00","twitter_card":"summary_large_image","twitter_misc":{"Est. reading time":"1 minute"},"schema":{"@context":"https:\/\/schema.org","@graph":[{"@type":"WebPage","@id":"https:\/\/www.maciabatle.com\/en\/arte-reserva\/jaume-plensa\/","url":"https:\/\/www.maciabatle.com\/en\/arte-reserva\/jaume-plensa\/","name":"Jaume Plensa - Maci\u00e0 Batle","isPartOf":{"@id":"https:\/\/www.maciabatle.com\/#website"},"datePublished":"2017-07-05T15:01:42+00:00","dateModified":"2017-08-03T11:18:14+00:00","breadcrumb":{"@id":"https:\/\/www.maciabatle.com\/en\/arte-reserva\/jaume-plensa\/#breadcrumb"},"inLanguage":"en-US","potentialAction":[{"@type":"ReadAction","target":["https:\/\/www.maciabatle.com\/en\/arte-reserva\/jaume-plensa\/"]}]},{"@type":"BreadcrumbList","@id":"https:\/\/www.maciabatle.com\/en\/arte-reserva\/jaume-plensa\/#breadcrumb","itemListElement":[{"@type":"ListItem","position":1,"name":"Portada","item":"https:\/\/www.maciabatle.com\/en\/"},{"@type":"ListItem","position":2,"name":"Reserve","item":"https:\/\/www.maciabatle.com\/en\/arte-reserva\/"},{"@type":"ListItem","position":3,"name":"Jaume Plensa"}]},{"@type":"WebSite","@id":"https:\/\/www.maciabatle.com\/#website","url":"https:\/\/www.maciabatle.com\/","name":"Bodegues Maci\u00e0 Batle","description":"P\u00e1gina oficial Maci\u00e0 Batle","publisher":{"@id":"https:\/\/www.maciabatle.com\/#organization"},"alternateName":"Bodegues Maci\u00e0 Batle","potentialAction":[{"@type":"SearchAction","target":{"@type":"EntryPoint","urlTemplate":"https:\/\/www.maciabatle.com\/?s={search_term_string}"},"query-input":"required name=search_term_string"}],"inLanguage":"en-US"},{"@type":"Organization","@id":"https:\/\/www.maciabatle.com\/#organization","name":"Bodegues Maci\u00e0 Batle","url":"https:\/\/www.maciabatle.com\/","logo":{"@type":"ImageObject","inLanguage":"en-US","@id":"https:\/\/www.maciabatle.com\/#\/schema\/logo\/image\/","url":"https:\/\/www.maciabatle.com\/wp-content\/uploads\/2017\/06\/logo.png","contentUrl":"https:\/\/www.maciabatle.com\/wp-content\/uploads\/2017\/06\/logo.png","width":350,"height":96,"caption":"Bodegues Maci\u00e0 Batle"},"image":{"@id":"https:\/\/www.maciabatle.com\/#\/schema\/logo\/image\/"},"sameAs":["https:\/\/www.facebook.com\/bodeguesmaciabatle\/","https:\/\/www.instagram.com\/maciabatle\/","https:\/\/www.youtube.com\/channel\/UCw_kyI3pJ3TXQRIavgBn2xw"]}]}},"_links":{"self":[{"href":"https:\/\/www.maciabatle.com\/en\/wp-json\/wp\/v2\/pages\/2142"}],"collection":[{"href":"https:\/\/www.maciabatle.com\/en\/wp-json\/wp\/v2\/pages"}],"about":[{"href":"https:\/\/www.maciabatle.com\/en\/wp-json\/wp\/v2\/types\/page"}],"author":[{"embeddable":true,"href":"https:\/\/www.maciabatle.com\/en\/wp-json\/wp\/v2\/users\/4"}],"replies":[{"embeddable":true,"href":"https:\/\/www.maciabatle.com\/en\/wp-json\/wp\/v2\/comments?post=2142"}],"version-history":[{"count":1,"href":"https:\/\/www.maciabatle.com\/en\/wp-json\/wp\/v2\/pages\/2142\/revisions"}],"predecessor-version":[{"id":2173,"href":"https:\/\/www.maciabatle.com\/en\/wp-json\/wp\/v2\/pages\/2142\/revisions\/2173"}],"up":[{"embeddable":true,"href":"https:\/\/www.maciabatle.com\/en\/wp-json\/wp\/v2\/pages\/1770"}],"wp:attachment":[{"href":"https:\/\/www.maciabatle.com\/en\/wp-json\/wp\/v2\/media?parent=2142"}],"curies":[{"name":"wp","href":"https:\/\/api.w.org\/{rel}","templated":true}]}}