{"id":2136,"date":"2017-07-05T15:08:12","date_gmt":"2017-07-05T15:08:12","guid":{"rendered":"https:\/\/test.maciabatle.com\/arte-reserva\/francesca-marti\/"},"modified":"2017-08-03T11:13:56","modified_gmt":"2017-08-03T11:13:56","slug":"francesca-marti","status":"publish","type":"page","link":"https:\/\/www.maciabatle.com\/en\/arte-reserva\/francesca-marti\/","title":{"rendered":"Francesca Mart\u00ed"},"content":{"rendered":"<div class=\"wpb-content-wrapper\"><p>[vc_row][vc_column width=&#8221;1\/3&#8243; el_class=&#8221;center&#8221;][vc_gallery type=&#8221;flexslider_slide&#8221; interval=&#8221;0&#8243; images=&#8221;1464&#8243; img_size=&#8221;full&#8221;][\/vc_column][vc_column width=&#8221;2\/3&#8243;][vc_empty_space height=&#8221;40px&#8221; alter_height=&#8221;none&#8221; hide_on_mobile=&#8221;&#8221;][vc_column_text]<\/p>\n<h2>Francesca Mart\u00ed<\/h2>\n<p>Live between Stockholm and Biniaraix (Mallorca), on horseback between the foggy light and the urban profiles of the historic city of the north and the peaceful nature of one of the most beautiful Mediterranean landscapes. He travels frequently behind culture and experience, capturing with his keen look sparkles of life, emotions and visual sensations that he holds in his camera. And perhaps this same vital tension, which turns his life into an incessant swirl of impressions and sensory and intellectual stimuli that drives him from the original to the industrial and from the traditional to the contemporary, explain this dual artistic drive that is manifested And finds its balance in the own linguistic diversity that develops its work.<\/p>\n<p><a class=\"jeje\" href=\"http:\/\/www.francescamarti.com\/\" target=\"_blank\" rel=\"noopener\">http:\/\/www.francescamarti.com<\/a>[\/vc_column_text][vc_empty_space height=&#8221;40px&#8221; alter_height=&#8221;none&#8221; hide_on_mobile=&#8221;&#8221;][\/vc_column][\/vc_row]<\/p>\n<\/div>","protected":false},"excerpt":{"rendered":"<p>[vc_row][vc_column width=&#8221;1\/3&#8243; el_class=&#8221;center&#8221;][vc_gallery type=&#8221;flexslider_slide&#8221; interval=&#8221;0&#8243; images=&#8221;1464&#8243; img_size=&#8221;full&#8221;][\/vc_column][vc_column width=&#8221;2\/3&#8243;][vc_empty_space height=&#8221;40px&#8221; alter_height=&#8221;none&#8221; hide_on_mobile=&#8221;&#8221;][vc_column_text] Francesca Mart\u00ed Live between Stockholm and Biniaraix (Mallorca), on horseback between the foggy light and the urban profiles of the historic city of the north and the peaceful nature of one of the most beautiful Mediterranean landscapes. He travels frequently behind culture and experience,&hellip;<\/p>\n","protected":false},"author":4,"featured_media":0,"parent":1770,"menu_order":0,"comment_status":"closed","ping_status":"closed","template":"","meta":{"footnotes":""},"yoast_head":"<!-- This site is optimized with the Yoast SEO plugin v22.9 - https:\/\/yoast.com\/wordpress\/plugins\/seo\/ -->\n<title>Francesca Mart\u00ed - Maci\u00e0 Batle<\/title>\n<meta name=\"robots\" content=\"index, follow, max-snippet:-1, max-image-preview:large, max-video-preview:-1\" \/>\n<link rel=\"canonical\" href=\"https:\/\/www.maciabatle.com\/en\/arte-reserva\/francesca-marti\/\" \/>\n<meta property=\"og:locale\" content=\"en_US\" \/>\n<meta property=\"og:type\" content=\"article\" \/>\n<meta property=\"og:title\" content=\"Francesca Mart\u00ed - Maci\u00e0 Batle\" \/>\n<meta property=\"og:description\" content=\"[vc_row][vc_column width=&#8221;1\/3&#8243; el_class=&#8221;center&#8221;][vc_gallery type=&#8221;flexslider_slide&#8221; interval=&#8221;0&#8243; images=&#8221;1464&#8243; img_size=&#8221;full&#8221;][\/vc_column][vc_column width=&#8221;2\/3&#8243;][vc_empty_space height=&#8221;40px&#8221; alter_height=&#8221;none&#8221; hide_on_mobile=&#8221;&#8221;][vc_column_text] Francesca Mart\u00ed Live between Stockholm and Biniaraix (Mallorca), on horseback between the foggy light and the urban profiles of the historic city of the north and the peaceful nature of one of the most beautiful Mediterranean landscapes. He travels frequently behind culture and experience,&hellip;\" \/>\n<meta property=\"og:url\" content=\"https:\/\/www.maciabatle.com\/en\/arte-reserva\/francesca-marti\/\" \/>\n<meta property=\"og:site_name\" content=\"Maci\u00e0 Batle\" \/>\n<meta property=\"article:publisher\" content=\"https:\/\/www.facebook.com\/bodeguesmaciabatle\/\" \/>\n<meta property=\"article:modified_time\" content=\"2017-08-03T11:13:56+00:00\" \/>\n<meta name=\"twitter:card\" content=\"summary_large_image\" \/>\n<meta name=\"twitter:label1\" content=\"Est. reading time\" \/>\n\t<meta name=\"twitter:data1\" content=\"1 minute\" \/>\n<script type=\"application\/ld+json\" class=\"yoast-schema-graph\">{\"@context\":\"https:\/\/schema.org\",\"@graph\":[{\"@type\":\"WebPage\",\"@id\":\"https:\/\/www.maciabatle.com\/en\/arte-reserva\/francesca-marti\/\",\"url\":\"https:\/\/www.maciabatle.com\/en\/arte-reserva\/francesca-marti\/\",\"name\":\"Francesca Mart\u00ed - Maci\u00e0 Batle\",\"isPartOf\":{\"@id\":\"https:\/\/www.maciabatle.com\/#website\"},\"datePublished\":\"2017-07-05T15:08:12+00:00\",\"dateModified\":\"2017-08-03T11:13:56+00:00\",\"breadcrumb\":{\"@id\":\"https:\/\/www.maciabatle.com\/en\/arte-reserva\/francesca-marti\/#breadcrumb\"},\"inLanguage\":\"en-US\",\"potentialAction\":[{\"@type\":\"ReadAction\",\"target\":[\"https:\/\/www.maciabatle.com\/en\/arte-reserva\/francesca-marti\/\"]}]},{\"@type\":\"BreadcrumbList\",\"@id\":\"https:\/\/www.maciabatle.com\/en\/arte-reserva\/francesca-marti\/#breadcrumb\",\"itemListElement\":[{\"@type\":\"ListItem\",\"position\":1,\"name\":\"Portada\",\"item\":\"https:\/\/www.maciabatle.com\/en\/\"},{\"@type\":\"ListItem\",\"position\":2,\"name\":\"Reserve\",\"item\":\"https:\/\/www.maciabatle.com\/en\/arte-reserva\/\"},{\"@type\":\"ListItem\",\"position\":3,\"name\":\"Francesca Mart\u00ed\"}]},{\"@type\":\"WebSite\",\"@id\":\"https:\/\/www.maciabatle.com\/#website\",\"url\":\"https:\/\/www.maciabatle.com\/\",\"name\":\"Bodegues Maci\u00e0 Batle\",\"description\":\"P\u00e1gina oficial Maci\u00e0 Batle\",\"publisher\":{\"@id\":\"https:\/\/www.maciabatle.com\/#organization\"},\"alternateName\":\"Bodegues Maci\u00e0 Batle\",\"potentialAction\":[{\"@type\":\"SearchAction\",\"target\":{\"@type\":\"EntryPoint\",\"urlTemplate\":\"https:\/\/www.maciabatle.com\/?s={search_term_string}\"},\"query-input\":\"required name=search_term_string\"}],\"inLanguage\":\"en-US\"},{\"@type\":\"Organization\",\"@id\":\"https:\/\/www.maciabatle.com\/#organization\",\"name\":\"Bodegues Maci\u00e0 Batle\",\"url\":\"https:\/\/www.maciabatle.com\/\",\"logo\":{\"@type\":\"ImageObject\",\"inLanguage\":\"en-US\",\"@id\":\"https:\/\/www.maciabatle.com\/#\/schema\/logo\/image\/\",\"url\":\"https:\/\/www.maciabatle.com\/wp-content\/uploads\/2017\/06\/logo.png\",\"contentUrl\":\"https:\/\/www.maciabatle.com\/wp-content\/uploads\/2017\/06\/logo.png\",\"width\":350,\"height\":96,\"caption\":\"Bodegues Maci\u00e0 Batle\"},\"image\":{\"@id\":\"https:\/\/www.maciabatle.com\/#\/schema\/logo\/image\/\"},\"sameAs\":[\"https:\/\/www.facebook.com\/bodeguesmaciabatle\/\",\"https:\/\/www.instagram.com\/maciabatle\/\",\"https:\/\/www.youtube.com\/channel\/UCw_kyI3pJ3TXQRIavgBn2xw\"]}]}<\/script>\n<!-- \/ Yoast SEO plugin. -->","yoast_head_json":{"title":"Francesca Mart\u00ed - Maci\u00e0 Batle","robots":{"index":"index","follow":"follow","max-snippet":"max-snippet:-1","max-image-preview":"max-image-preview:large","max-video-preview":"max-video-preview:-1"},"canonical":"https:\/\/www.maciabatle.com\/en\/arte-reserva\/francesca-marti\/","og_locale":"en_US","og_type":"article","og_title":"Francesca Mart\u00ed - Maci\u00e0 Batle","og_description":"[vc_row][vc_column width=&#8221;1\/3&#8243; el_class=&#8221;center&#8221;][vc_gallery type=&#8221;flexslider_slide&#8221; interval=&#8221;0&#8243; images=&#8221;1464&#8243; img_size=&#8221;full&#8221;][\/vc_column][vc_column width=&#8221;2\/3&#8243;][vc_empty_space height=&#8221;40px&#8221; alter_height=&#8221;none&#8221; hide_on_mobile=&#8221;&#8221;][vc_column_text] Francesca Mart\u00ed Live between Stockholm and Biniaraix (Mallorca), on horseback between the foggy light and the urban profiles of the historic city of the north and the peaceful nature of one of the most beautiful Mediterranean landscapes. He travels frequently behind culture and experience,&hellip;","og_url":"https:\/\/www.maciabatle.com\/en\/arte-reserva\/francesca-marti\/","og_site_name":"Maci\u00e0 Batle","article_publisher":"https:\/\/www.facebook.com\/bodeguesmaciabatle\/","article_modified_time":"2017-08-03T11:13:56+00:00","twitter_card":"summary_large_image","twitter_misc":{"Est. reading time":"1 minute"},"schema":{"@context":"https:\/\/schema.org","@graph":[{"@type":"WebPage","@id":"https:\/\/www.maciabatle.com\/en\/arte-reserva\/francesca-marti\/","url":"https:\/\/www.maciabatle.com\/en\/arte-reserva\/francesca-marti\/","name":"Francesca Mart\u00ed - Maci\u00e0 Batle","isPartOf":{"@id":"https:\/\/www.maciabatle.com\/#website"},"datePublished":"2017-07-05T15:08:12+00:00","dateModified":"2017-08-03T11:13:56+00:00","breadcrumb":{"@id":"https:\/\/www.maciabatle.com\/en\/arte-reserva\/francesca-marti\/#breadcrumb"},"inLanguage":"en-US","potentialAction":[{"@type":"ReadAction","target":["https:\/\/www.maciabatle.com\/en\/arte-reserva\/francesca-marti\/"]}]},{"@type":"BreadcrumbList","@id":"https:\/\/www.maciabatle.com\/en\/arte-reserva\/francesca-marti\/#breadcrumb","itemListElement":[{"@type":"ListItem","position":1,"name":"Portada","item":"https:\/\/www.maciabatle.com\/en\/"},{"@type":"ListItem","position":2,"name":"Reserve","item":"https:\/\/www.maciabatle.com\/en\/arte-reserva\/"},{"@type":"ListItem","position":3,"name":"Francesca Mart\u00ed"}]},{"@type":"WebSite","@id":"https:\/\/www.maciabatle.com\/#website","url":"https:\/\/www.maciabatle.com\/","name":"Bodegues Maci\u00e0 Batle","description":"P\u00e1gina oficial Maci\u00e0 Batle","publisher":{"@id":"https:\/\/www.maciabatle.com\/#organization"},"alternateName":"Bodegues Maci\u00e0 Batle","potentialAction":[{"@type":"SearchAction","target":{"@type":"EntryPoint","urlTemplate":"https:\/\/www.maciabatle.com\/?s={search_term_string}"},"query-input":"required name=search_term_string"}],"inLanguage":"en-US"},{"@type":"Organization","@id":"https:\/\/www.maciabatle.com\/#organization","name":"Bodegues Maci\u00e0 Batle","url":"https:\/\/www.maciabatle.com\/","logo":{"@type":"ImageObject","inLanguage":"en-US","@id":"https:\/\/www.maciabatle.com\/#\/schema\/logo\/image\/","url":"https:\/\/www.maciabatle.com\/wp-content\/uploads\/2017\/06\/logo.png","contentUrl":"https:\/\/www.maciabatle.com\/wp-content\/uploads\/2017\/06\/logo.png","width":350,"height":96,"caption":"Bodegues Maci\u00e0 Batle"},"image":{"@id":"https:\/\/www.maciabatle.com\/#\/schema\/logo\/image\/"},"sameAs":["https:\/\/www.facebook.com\/bodeguesmaciabatle\/","https:\/\/www.instagram.com\/maciabatle\/","https:\/\/www.youtube.com\/channel\/UCw_kyI3pJ3TXQRIavgBn2xw"]}]}},"_links":{"self":[{"href":"https:\/\/www.maciabatle.com\/en\/wp-json\/wp\/v2\/pages\/2136"}],"collection":[{"href":"https:\/\/www.maciabatle.com\/en\/wp-json\/wp\/v2\/pages"}],"about":[{"href":"https:\/\/www.maciabatle.com\/en\/wp-json\/wp\/v2\/types\/page"}],"author":[{"embeddable":true,"href":"https:\/\/www.maciabatle.com\/en\/wp-json\/wp\/v2\/users\/4"}],"replies":[{"embeddable":true,"href":"https:\/\/www.maciabatle.com\/en\/wp-json\/wp\/v2\/comments?post=2136"}],"version-history":[{"count":2,"href":"https:\/\/www.maciabatle.com\/en\/wp-json\/wp\/v2\/pages\/2136\/revisions"}],"predecessor-version":[{"id":2169,"href":"https:\/\/www.maciabatle.com\/en\/wp-json\/wp\/v2\/pages\/2136\/revisions\/2169"}],"up":[{"embeddable":true,"href":"https:\/\/www.maciabatle.com\/en\/wp-json\/wp\/v2\/pages\/1770"}],"wp:attachment":[{"href":"https:\/\/www.maciabatle.com\/en\/wp-json\/wp\/v2\/media?parent=2136"}],"curies":[{"name":"wp","href":"https:\/\/api.w.org\/{rel}","templated":true}]}}