{"id":2127,"date":"2017-07-05T15:31:37","date_gmt":"2017-07-05T15:31:37","guid":{"rendered":"https:\/\/test.maciabatle.com\/maceracion-carbonica\/miguel-gallardo\/"},"modified":"2017-08-03T11:54:31","modified_gmt":"2017-08-03T11:54:31","slug":"miguel-gallardo","status":"publish","type":"page","link":"https:\/\/www.maciabatle.com\/en\/maceracion-carbonica\/miguel-gallardo\/","title":{"rendered":"Miguel Gallardo"},"content":{"rendered":"<div class=\"wpb-content-wrapper\"><p>[vc_row][vc_column width=&#8221;1\/3&#8243; el_class=&#8221;center&#8221;][vc_gallery type=&#8221;flexslider_slide&#8221; interval=&#8221;0&#8243; images=&#8221;1616,1492&#8243; img_size=&#8221;full&#8221;][\/vc_column][vc_column width=&#8221;2\/3&#8243;][vc_empty_space height=&#8221;40px&#8221; alter_height=&#8221;none&#8221; hide_on_mobile=&#8221;&#8221;][vc_column_text]<\/p>\n<h2>Miguel Gallardo<\/h2>\n<p>Miguel Gallardo (Lleida, Catalonia, 1955) is known in the first place for being the creator of Makoki in 1977, who would be the most popular and emblematic character of the Spanish underground of the 80s. Born inspired by a story by Felipe Borrallo, and Would have scripts by Juanito Mediavila from the second comic, Makoki appeared initially in the musical magazine Disco Express, where he went to Star and Besame Mucho. In 1982 the publisher of El V\u00edbora launches a magazine more focused on the genre of humor titled Makoki (and directed by Gallardo and Mediavila in its beginnings) with the hook of Makoki as star character.<\/p>\n<p>In addition to creating Makoki, Gallardo was a founding member in 1979 of the historical magazine El V\u00edbora, and a fixed author from the beginning.<\/p>\n<p>Within the comic Gallardo has also made some comics for the press, for ABC (Buitre Buitaker strips) or La Vanguardia (the series Perico Carambola), but since the late 80&#8217;s, Gallardo relegates the comic to a secondary plane and is mainly devoted to Other activities related to drawing. She only returns to comic strips regularly for the magazine Vi\u00f1etas de Joan Navarro around 1984 and since then only sporadically comic strips, such as A long silence or Mar\u00eda y Yo (dedicated to her father and daughter respectively) or Emotional World Tour To four hands with Paco Roca).<\/p>\n<p>In the 90&#8217;s Gallardo develops an important career as an illustrator, becoming highly reputed in the sector. Thus, he has regularly collaborated in the newspaper La Vanguardia, the film magazine Fotogramas, The New Yorker, El Pais, Herald Tribune and many other publications and has made abundant covers for books (among them, the version in Catalan of the well-known novel The Journal of Bridget Jones).<\/p>\n<p><a class=\"jeje\" href=\"http:\/\/www.miguel-gallardo.com\/\" target=\"_blank\" rel=\"noopener\">http:\/\/www.miguel-gallardo.com<\/a>[\/vc_column_text][vc_empty_space height=&#8221;40px&#8221; alter_height=&#8221;none&#8221; hide_on_mobile=&#8221;&#8221;][\/vc_column][\/vc_row]<\/p>\n<\/div>","protected":false},"excerpt":{"rendered":"<p>[vc_row][vc_column width=&#8221;1\/3&#8243; el_class=&#8221;center&#8221;][vc_gallery type=&#8221;flexslider_slide&#8221; interval=&#8221;0&#8243; images=&#8221;1616,1492&#8243; img_size=&#8221;full&#8221;][\/vc_column][vc_column width=&#8221;2\/3&#8243;][vc_empty_space height=&#8221;40px&#8221; alter_height=&#8221;none&#8221; hide_on_mobile=&#8221;&#8221;][vc_column_text] Miguel Gallardo Miguel Gallardo (Lleida, Catalonia, 1955) is known in the first place for being the creator of Makoki in 1977, who would be the most popular and emblematic character of the Spanish underground of the 80s. Born inspired by a story by Felipe&hellip;<\/p>\n","protected":false},"author":4,"featured_media":0,"parent":1766,"menu_order":0,"comment_status":"closed","ping_status":"closed","template":"","meta":{"footnotes":""},"yoast_head":"<!-- This site is optimized with the Yoast SEO plugin v22.9 - https:\/\/yoast.com\/wordpress\/plugins\/seo\/ -->\n<title>Miguel Gallardo - Maci\u00e0 Batle<\/title>\n<meta name=\"robots\" content=\"index, follow, max-snippet:-1, max-image-preview:large, max-video-preview:-1\" \/>\n<link rel=\"canonical\" href=\"https:\/\/www.maciabatle.com\/en\/maceracion-carbonica\/miguel-gallardo\/\" \/>\n<meta property=\"og:locale\" content=\"en_US\" \/>\n<meta property=\"og:type\" content=\"article\" \/>\n<meta property=\"og:title\" content=\"Miguel Gallardo - Maci\u00e0 Batle\" \/>\n<meta property=\"og:description\" content=\"[vc_row][vc_column width=&#8221;1\/3&#8243; el_class=&#8221;center&#8221;][vc_gallery type=&#8221;flexslider_slide&#8221; interval=&#8221;0&#8243; images=&#8221;1616,1492&#8243; img_size=&#8221;full&#8221;][\/vc_column][vc_column width=&#8221;2\/3&#8243;][vc_empty_space height=&#8221;40px&#8221; alter_height=&#8221;none&#8221; hide_on_mobile=&#8221;&#8221;][vc_column_text] Miguel Gallardo Miguel Gallardo (Lleida, Catalonia, 1955) is known in the first place for being the creator of Makoki in 1977, who would be the most popular and emblematic character of the Spanish underground of the 80s. Born inspired by a story by Felipe&hellip;\" \/>\n<meta property=\"og:url\" content=\"https:\/\/www.maciabatle.com\/en\/maceracion-carbonica\/miguel-gallardo\/\" \/>\n<meta property=\"og:site_name\" content=\"Maci\u00e0 Batle\" \/>\n<meta property=\"article:publisher\" content=\"https:\/\/www.facebook.com\/bodeguesmaciabatle\/\" \/>\n<meta property=\"article:modified_time\" content=\"2017-08-03T11:54:31+00:00\" \/>\n<meta name=\"twitter:card\" content=\"summary_large_image\" \/>\n<meta name=\"twitter:label1\" content=\"Est. reading time\" \/>\n\t<meta name=\"twitter:data1\" content=\"2 minutes\" \/>\n<script type=\"application\/ld+json\" class=\"yoast-schema-graph\">{\"@context\":\"https:\/\/schema.org\",\"@graph\":[{\"@type\":\"WebPage\",\"@id\":\"https:\/\/www.maciabatle.com\/en\/maceracion-carbonica\/miguel-gallardo\/\",\"url\":\"https:\/\/www.maciabatle.com\/en\/maceracion-carbonica\/miguel-gallardo\/\",\"name\":\"Miguel Gallardo - Maci\u00e0 Batle\",\"isPartOf\":{\"@id\":\"https:\/\/www.maciabatle.com\/#website\"},\"datePublished\":\"2017-07-05T15:31:37+00:00\",\"dateModified\":\"2017-08-03T11:54:31+00:00\",\"breadcrumb\":{\"@id\":\"https:\/\/www.maciabatle.com\/en\/maceracion-carbonica\/miguel-gallardo\/#breadcrumb\"},\"inLanguage\":\"en-US\",\"potentialAction\":[{\"@type\":\"ReadAction\",\"target\":[\"https:\/\/www.maciabatle.com\/en\/maceracion-carbonica\/miguel-gallardo\/\"]}]},{\"@type\":\"BreadcrumbList\",\"@id\":\"https:\/\/www.maciabatle.com\/en\/maceracion-carbonica\/miguel-gallardo\/#breadcrumb\",\"itemListElement\":[{\"@type\":\"ListItem\",\"position\":1,\"name\":\"Portada\",\"item\":\"https:\/\/www.maciabatle.com\/en\/\"},{\"@type\":\"ListItem\",\"position\":2,\"name\":\"Carbonic Maceration\",\"item\":\"https:\/\/www.maciabatle.com\/en\/maceracion-carbonica\/\"},{\"@type\":\"ListItem\",\"position\":3,\"name\":\"Miguel Gallardo\"}]},{\"@type\":\"WebSite\",\"@id\":\"https:\/\/www.maciabatle.com\/#website\",\"url\":\"https:\/\/www.maciabatle.com\/\",\"name\":\"Bodegues Maci\u00e0 Batle\",\"description\":\"P\u00e1gina oficial Maci\u00e0 Batle\",\"publisher\":{\"@id\":\"https:\/\/www.maciabatle.com\/#organization\"},\"alternateName\":\"Bodegues Maci\u00e0 Batle\",\"potentialAction\":[{\"@type\":\"SearchAction\",\"target\":{\"@type\":\"EntryPoint\",\"urlTemplate\":\"https:\/\/www.maciabatle.com\/?s={search_term_string}\"},\"query-input\":\"required name=search_term_string\"}],\"inLanguage\":\"en-US\"},{\"@type\":\"Organization\",\"@id\":\"https:\/\/www.maciabatle.com\/#organization\",\"name\":\"Bodegues Maci\u00e0 Batle\",\"url\":\"https:\/\/www.maciabatle.com\/\",\"logo\":{\"@type\":\"ImageObject\",\"inLanguage\":\"en-US\",\"@id\":\"https:\/\/www.maciabatle.com\/#\/schema\/logo\/image\/\",\"url\":\"https:\/\/www.maciabatle.com\/wp-content\/uploads\/2017\/06\/logo.png\",\"contentUrl\":\"https:\/\/www.maciabatle.com\/wp-content\/uploads\/2017\/06\/logo.png\",\"width\":350,\"height\":96,\"caption\":\"Bodegues Maci\u00e0 Batle\"},\"image\":{\"@id\":\"https:\/\/www.maciabatle.com\/#\/schema\/logo\/image\/\"},\"sameAs\":[\"https:\/\/www.facebook.com\/bodeguesmaciabatle\/\",\"https:\/\/www.instagram.com\/maciabatle\/\",\"https:\/\/www.youtube.com\/channel\/UCw_kyI3pJ3TXQRIavgBn2xw\"]}]}<\/script>\n<!-- \/ Yoast SEO plugin. -->","yoast_head_json":{"title":"Miguel Gallardo - Maci\u00e0 Batle","robots":{"index":"index","follow":"follow","max-snippet":"max-snippet:-1","max-image-preview":"max-image-preview:large","max-video-preview":"max-video-preview:-1"},"canonical":"https:\/\/www.maciabatle.com\/en\/maceracion-carbonica\/miguel-gallardo\/","og_locale":"en_US","og_type":"article","og_title":"Miguel Gallardo - Maci\u00e0 Batle","og_description":"[vc_row][vc_column width=&#8221;1\/3&#8243; el_class=&#8221;center&#8221;][vc_gallery type=&#8221;flexslider_slide&#8221; interval=&#8221;0&#8243; images=&#8221;1616,1492&#8243; img_size=&#8221;full&#8221;][\/vc_column][vc_column width=&#8221;2\/3&#8243;][vc_empty_space height=&#8221;40px&#8221; alter_height=&#8221;none&#8221; hide_on_mobile=&#8221;&#8221;][vc_column_text] Miguel Gallardo Miguel Gallardo (Lleida, Catalonia, 1955) is known in the first place for being the creator of Makoki in 1977, who would be the most popular and emblematic character of the Spanish underground of the 80s. Born inspired by a story by Felipe&hellip;","og_url":"https:\/\/www.maciabatle.com\/en\/maceracion-carbonica\/miguel-gallardo\/","og_site_name":"Maci\u00e0 Batle","article_publisher":"https:\/\/www.facebook.com\/bodeguesmaciabatle\/","article_modified_time":"2017-08-03T11:54:31+00:00","twitter_card":"summary_large_image","twitter_misc":{"Est. reading time":"2 minutes"},"schema":{"@context":"https:\/\/schema.org","@graph":[{"@type":"WebPage","@id":"https:\/\/www.maciabatle.com\/en\/maceracion-carbonica\/miguel-gallardo\/","url":"https:\/\/www.maciabatle.com\/en\/maceracion-carbonica\/miguel-gallardo\/","name":"Miguel Gallardo - Maci\u00e0 Batle","isPartOf":{"@id":"https:\/\/www.maciabatle.com\/#website"},"datePublished":"2017-07-05T15:31:37+00:00","dateModified":"2017-08-03T11:54:31+00:00","breadcrumb":{"@id":"https:\/\/www.maciabatle.com\/en\/maceracion-carbonica\/miguel-gallardo\/#breadcrumb"},"inLanguage":"en-US","potentialAction":[{"@type":"ReadAction","target":["https:\/\/www.maciabatle.com\/en\/maceracion-carbonica\/miguel-gallardo\/"]}]},{"@type":"BreadcrumbList","@id":"https:\/\/www.maciabatle.com\/en\/maceracion-carbonica\/miguel-gallardo\/#breadcrumb","itemListElement":[{"@type":"ListItem","position":1,"name":"Portada","item":"https:\/\/www.maciabatle.com\/en\/"},{"@type":"ListItem","position":2,"name":"Carbonic Maceration","item":"https:\/\/www.maciabatle.com\/en\/maceracion-carbonica\/"},{"@type":"ListItem","position":3,"name":"Miguel Gallardo"}]},{"@type":"WebSite","@id":"https:\/\/www.maciabatle.com\/#website","url":"https:\/\/www.maciabatle.com\/","name":"Bodegues Maci\u00e0 Batle","description":"P\u00e1gina oficial Maci\u00e0 Batle","publisher":{"@id":"https:\/\/www.maciabatle.com\/#organization"},"alternateName":"Bodegues Maci\u00e0 Batle","potentialAction":[{"@type":"SearchAction","target":{"@type":"EntryPoint","urlTemplate":"https:\/\/www.maciabatle.com\/?s={search_term_string}"},"query-input":"required name=search_term_string"}],"inLanguage":"en-US"},{"@type":"Organization","@id":"https:\/\/www.maciabatle.com\/#organization","name":"Bodegues Maci\u00e0 Batle","url":"https:\/\/www.maciabatle.com\/","logo":{"@type":"ImageObject","inLanguage":"en-US","@id":"https:\/\/www.maciabatle.com\/#\/schema\/logo\/image\/","url":"https:\/\/www.maciabatle.com\/wp-content\/uploads\/2017\/06\/logo.png","contentUrl":"https:\/\/www.maciabatle.com\/wp-content\/uploads\/2017\/06\/logo.png","width":350,"height":96,"caption":"Bodegues Maci\u00e0 Batle"},"image":{"@id":"https:\/\/www.maciabatle.com\/#\/schema\/logo\/image\/"},"sameAs":["https:\/\/www.facebook.com\/bodeguesmaciabatle\/","https:\/\/www.instagram.com\/maciabatle\/","https:\/\/www.youtube.com\/channel\/UCw_kyI3pJ3TXQRIavgBn2xw"]}]}},"_links":{"self":[{"href":"https:\/\/www.maciabatle.com\/en\/wp-json\/wp\/v2\/pages\/2127"}],"collection":[{"href":"https:\/\/www.maciabatle.com\/en\/wp-json\/wp\/v2\/pages"}],"about":[{"href":"https:\/\/www.maciabatle.com\/en\/wp-json\/wp\/v2\/types\/page"}],"author":[{"embeddable":true,"href":"https:\/\/www.maciabatle.com\/en\/wp-json\/wp\/v2\/users\/4"}],"replies":[{"embeddable":true,"href":"https:\/\/www.maciabatle.com\/en\/wp-json\/wp\/v2\/comments?post=2127"}],"version-history":[{"count":1,"href":"https:\/\/www.maciabatle.com\/en\/wp-json\/wp\/v2\/pages\/2127\/revisions"}],"predecessor-version":[{"id":2202,"href":"https:\/\/www.maciabatle.com\/en\/wp-json\/wp\/v2\/pages\/2127\/revisions\/2202"}],"up":[{"embeddable":true,"href":"https:\/\/www.maciabatle.com\/en\/wp-json\/wp\/v2\/pages\/1766"}],"wp:attachment":[{"href":"https:\/\/www.maciabatle.com\/en\/wp-json\/wp\/v2\/media?parent=2127"}],"curies":[{"name":"wp","href":"https:\/\/api.w.org\/{rel}","templated":true}]}}