{"id":1761,"date":"2017-06-26T06:51:42","date_gmt":"2017-06-26T05:51:42","guid":{"rendered":"https:\/\/test.maciabatle.com\/historia\/"},"modified":"2023-05-05T14:51:11","modified_gmt":"2023-05-05T13:51:11","slug":"history","status":"publish","type":"page","link":"https:\/\/www.maciabatle.com\/en\/history\/","title":{"rendered":"History"},"content":{"rendered":"\t\t<div data-elementor-type=\"wp-page\" data-elementor-id=\"1761\" class=\"elementor elementor-1761 elementor-1169\" data-elementor-post-type=\"page\">\n\t\t\t\t\t\t<section class=\"elementor-section elementor-top-section elementor-element elementor-element-404aa45e elementor-section-height-min-height elementor-section-items-stretch elementor-section-content-middle elementor-reverse-mobile elementor-section-boxed elementor-section-height-default\" data-id=\"404aa45e\" data-element_type=\"section\">\n\t\t\t\t\t\t<div class=\"elementor-container elementor-column-gap-no\">\n\t\t\t\t\t<div class=\"elementor-column elementor-col-100 elementor-top-column elementor-element elementor-element-81d4081\" data-id=\"81d4081\" data-element_type=\"column\">\n\t\t\t<div class=\"elementor-widget-wrap elementor-element-populated\">\n\t\t\t\t\t\t<div class=\"elementor-element elementor-element-aeb0d41 elementor-widget elementor-widget-heading\" data-id=\"aeb0d41\" data-element_type=\"widget\" data-widget_type=\"heading.default\">\n\t\t\t\t<div class=\"elementor-widget-container\">\n\t\t\t<h2 class=\"elementor-heading-title elementor-size-default\">history<\/h2>\t\t<\/div>\n\t\t\t\t<\/div>\n\t\t\t\t<div class=\"elementor-element elementor-element-438b923 elementor-widget elementor-widget-spacer\" data-id=\"438b923\" data-element_type=\"widget\" data-widget_type=\"spacer.default\">\n\t\t\t\t<div class=\"elementor-widget-container\">\n\t\t\t\t\t<div class=\"elementor-spacer\">\n\t\t\t<div class=\"elementor-spacer-inner\"><\/div>\n\t\t<\/div>\n\t\t\t\t<\/div>\n\t\t\t\t<\/div>\n\t\t\t\t<section class=\"elementor-section elementor-inner-section elementor-element elementor-element-5980f82b elementor-section-boxed elementor-section-height-default elementor-section-height-default\" data-id=\"5980f82b\" data-element_type=\"section\">\n\t\t\t\t\t\t<div class=\"elementor-container elementor-column-gap-wide\">\n\t\t\t\t\t<div class=\"elementor-column elementor-col-50 elementor-inner-column elementor-element elementor-element-2f0a18e\" data-id=\"2f0a18e\" data-element_type=\"column\">\n\t\t\t<div class=\"elementor-widget-wrap elementor-element-populated\">\n\t\t\t\t\t\t<div class=\"elementor-element elementor-element-9ebdfb4 elementor-widget elementor-widget-spacer\" data-id=\"9ebdfb4\" data-element_type=\"widget\" data-widget_type=\"spacer.default\">\n\t\t\t\t<div class=\"elementor-widget-container\">\n\t\t\t\t\t<div class=\"elementor-spacer\">\n\t\t\t<div class=\"elementor-spacer-inner\"><\/div>\n\t\t<\/div>\n\t\t\t\t<\/div>\n\t\t\t\t<\/div>\n\t\t\t\t<div class=\"elementor-element elementor-element-b312f5f elementor-widget elementor-widget-image\" data-id=\"b312f5f\" data-element_type=\"widget\" data-widget_type=\"image.default\">\n\t\t\t\t<div class=\"elementor-widget-container\">\n\t\t\t\t\t\t\t\t\t\t\t\t\t<img fetchpriority=\"high\" decoding=\"async\" width=\"1024\" height=\"685\" src=\"https:\/\/www.maciabatle.com\/wp-content\/uploads\/2023\/02\/bodega-macia-batle-1024x685.png\" class=\"attachment-large size-large wp-image-6007\" alt=\"Historia de los vinos de Mallorca\" srcset=\"https:\/\/www.maciabatle.com\/wp-content\/uploads\/2023\/02\/bodega-macia-batle-1024x685.png 1024w, https:\/\/www.maciabatle.com\/wp-content\/uploads\/2023\/02\/bodega-macia-batle-370x248.png 370w, https:\/\/www.maciabatle.com\/wp-content\/uploads\/2023\/02\/bodega-macia-batle-600x401.png 600w, https:\/\/www.maciabatle.com\/wp-content\/uploads\/2023\/02\/bodega-macia-batle-300x201.png 300w, https:\/\/www.maciabatle.com\/wp-content\/uploads\/2023\/02\/bodega-macia-batle-768x514.png 768w, https:\/\/www.maciabatle.com\/wp-content\/uploads\/2023\/02\/bodega-macia-batle-760x508.png 760w, https:\/\/www.maciabatle.com\/wp-content\/uploads\/2023\/02\/bodega-macia-batle-740x495.png 740w, https:\/\/www.maciabatle.com\/wp-content\/uploads\/2023\/02\/bodega-macia-batle.png 1160w\" sizes=\"(max-width: 1024px) 100vw, 1024px\" \/>\t\t\t\t\t\t\t\t\t\t\t\t\t<\/div>\n\t\t\t\t<\/div>\n\t\t\t\t\t<\/div>\n\t\t<\/div>\n\t\t\t\t<div class=\"elementor-column elementor-col-50 elementor-inner-column elementor-element elementor-element-725921a7\" data-id=\"725921a7\" data-element_type=\"column\">\n\t\t\t<div class=\"elementor-widget-wrap elementor-element-populated\">\n\t\t\t\t\t\t<div class=\"elementor-element elementor-element-42030142 elementor-widget elementor-widget-text-editor\" data-id=\"42030142\" data-element_type=\"widget\" data-widget_type=\"text-editor.default\">\n\t\t\t\t<div class=\"elementor-widget-container\">\n\t\t\t\t\t\t\t<p><span style=\"color: #000000;\"><strong>1856<\/strong><\/span><br \/>Maci\u00e0 Batle begins to produce wine from its own vineyards, located in Biniali.<\/p><p><span style=\"color: #000000;\"><strong>1997<\/strong><\/span><br \/>Descendants of Maci\u00e0 Batle build the wineries in Santa Mar\u00eda del Cam\u00ed.<\/p><p><span style=\"color: #000000;\"><strong>2003<\/strong><\/span><br \/>The Mallorcan entrepreneur Sebasti\u00e0 Rub\u00ed acquires the Maci\u00e0 Batle wineries.<\/p><p><span style=\"color: #000000;\"><strong>2005<\/strong><\/span><br \/>The wineries expand and consolidate as the benchmark of the quality wine of Mallorca.<\/p>\t\t\t\t\t\t<\/div>\n\t\t\t\t<\/div>\n\t\t\t\t\t<\/div>\n\t\t<\/div>\n\t\t\t\t\t<\/div>\n\t\t<\/section>\n\t\t\t\t\t<\/div>\n\t\t<\/div>\n\t\t\t\t\t<\/div>\n\t\t<\/section>\n\t\t\t\t<section class=\"elementor-section elementor-top-section elementor-element elementor-element-599779e0 elementor-section-boxed elementor-section-height-default elementor-section-height-default\" data-id=\"599779e0\" data-element_type=\"section\" data-settings=\"{&quot;background_background&quot;:&quot;classic&quot;,&quot;background_motion_fx_motion_fx_scrolling&quot;:&quot;yes&quot;,&quot;background_motion_fx_translateY_effect&quot;:&quot;yes&quot;,&quot;background_motion_fx_translateY_speed&quot;:{&quot;unit&quot;:&quot;px&quot;,&quot;size&quot;:8,&quot;sizes&quot;:[]},&quot;background_motion_fx_translateY_affectedRange&quot;:{&quot;unit&quot;:&quot;%&quot;,&quot;size&quot;:&quot;&quot;,&quot;sizes&quot;:{&quot;start&quot;:0,&quot;end&quot;:100}},&quot;background_motion_fx_devices&quot;:[&quot;desktop&quot;,&quot;tablet&quot;,&quot;mobile&quot;]}\">\n\t\t\t\t\t\t\t<div class=\"elementor-background-overlay\"><\/div>\n\t\t\t\t\t\t\t<div class=\"elementor-container elementor-column-gap-wide\">\n\t\t\t\t\t<div class=\"elementor-column elementor-col-100 elementor-top-column elementor-element elementor-element-65fc37e8\" data-id=\"65fc37e8\" data-element_type=\"column\">\n\t\t\t<div class=\"elementor-widget-wrap elementor-element-populated\">\n\t\t\t\t\t\t<div class=\"elementor-element elementor-element-430a7426 elementor-widget elementor-widget-heading\" data-id=\"430a7426\" data-element_type=\"widget\" data-widget_type=\"heading.default\">\n\t\t\t\t<div class=\"elementor-widget-container\">\n\t\t\t<h2 class=\"elementor-heading-title elementor-size-default\">bodegues maci\u00e0 batle<\/h2>\t\t<\/div>\n\t\t\t\t<\/div>\n\t\t\t\t<div class=\"elementor-element elementor-element-2857a26e elementor-widget elementor-widget-spacer\" data-id=\"2857a26e\" data-element_type=\"widget\" data-widget_type=\"spacer.default\">\n\t\t\t\t<div class=\"elementor-widget-container\">\n\t\t\t\t\t<div class=\"elementor-spacer\">\n\t\t\t<div class=\"elementor-spacer-inner\"><\/div>\n\t\t<\/div>\n\t\t\t\t<\/div>\n\t\t\t\t<\/div>\n\t\t\t\t<div class=\"elementor-element elementor-element-52494c10 elementor-widget elementor-widget-text-editor\" data-id=\"52494c10\" data-element_type=\"widget\" data-widget_type=\"text-editor.default\">\n\t\t\t\t<div class=\"elementor-widget-container\">\n\t\t\t\t\t\t\tSince 1856, at the Maci\u00e0 Batle winery, we have sought excellence in the production of our wines from meticulously selected Mallorcan vines.\t\t\t\t\t\t<\/div>\n\t\t\t\t<\/div>\n\t\t\t\t\t<\/div>\n\t\t<\/div>\n\t\t\t\t\t<\/div>\n\t\t<\/section>\n\t\t\t\t<section class=\"elementor-section elementor-top-section elementor-element elementor-element-c4ed01c elementor-section-height-min-height elementor-section-items-stretch elementor-section-content-middle elementor-reverse-mobile elementor-section-boxed elementor-section-height-default\" data-id=\"c4ed01c\" data-element_type=\"section\">\n\t\t\t\t\t\t<div class=\"elementor-container elementor-column-gap-no\">\n\t\t\t\t\t<div class=\"elementor-column elementor-col-100 elementor-top-column elementor-element elementor-element-02cdaff\" data-id=\"02cdaff\" data-element_type=\"column\">\n\t\t\t<div class=\"elementor-widget-wrap elementor-element-populated\">\n\t\t\t\t\t\t<div class=\"elementor-element elementor-element-f614986 elementor-widget elementor-widget-heading\" data-id=\"f614986\" data-element_type=\"widget\" data-widget_type=\"heading.default\">\n\t\t\t\t<div class=\"elementor-widget-container\">\n\t\t\t<h2 class=\"elementor-heading-title elementor-size-default\">wineyards<\/h2>\t\t<\/div>\n\t\t\t\t<\/div>\n\t\t\t\t<div class=\"elementor-element elementor-element-1bca061 elementor-widget elementor-widget-spacer\" data-id=\"1bca061\" data-element_type=\"widget\" data-widget_type=\"spacer.default\">\n\t\t\t\t<div class=\"elementor-widget-container\">\n\t\t\t\t\t<div class=\"elementor-spacer\">\n\t\t\t<div class=\"elementor-spacer-inner\"><\/div>\n\t\t<\/div>\n\t\t\t\t<\/div>\n\t\t\t\t<\/div>\n\t\t\t\t<section class=\"elementor-section elementor-inner-section elementor-element elementor-element-0718f7e elementor-section-boxed elementor-section-height-default elementor-section-height-default\" data-id=\"0718f7e\" data-element_type=\"section\">\n\t\t\t\t\t\t<div class=\"elementor-container elementor-column-gap-wide\">\n\t\t\t\t\t<div class=\"elementor-column elementor-col-50 elementor-inner-column elementor-element elementor-element-bc7b269\" data-id=\"bc7b269\" data-element_type=\"column\">\n\t\t\t<div class=\"elementor-widget-wrap elementor-element-populated\">\n\t\t\t\t\t\t<div class=\"elementor-element elementor-element-6362a817 elementor-widget elementor-widget-text-editor\" data-id=\"6362a817\" data-element_type=\"widget\" data-widget_type=\"text-editor.default\">\n\t\t\t\t<div class=\"elementor-widget-container\">\n\t\t\t\t\t\t\tFrom our beginnings in 1856 until today, we have pursued excellence in our wines, which have been and are made from selected grapes of traditional Mallorcan vines pampered by the sun around 300 days a year.\n\n \n\nFor this, as our founder Maci\u00e0 Batle taught us, all processes of elaboration are supervised by our expert winegrowers and winemakers, to obtain as a result a modern wine with body, aroma and excellent flavor.\t\t\t\t\t\t<\/div>\n\t\t\t\t<\/div>\n\t\t\t\t\t<\/div>\n\t\t<\/div>\n\t\t\t\t<div class=\"elementor-column elementor-col-50 elementor-inner-column elementor-element elementor-element-09ee657\" data-id=\"09ee657\" data-element_type=\"column\">\n\t\t\t<div class=\"elementor-widget-wrap elementor-element-populated\">\n\t\t\t\t\t\t<div class=\"elementor-element elementor-element-ef358a0 elementor-widget elementor-widget-image\" data-id=\"ef358a0\" data-element_type=\"widget\" data-widget_type=\"image.default\">\n\t\t\t\t<div class=\"elementor-widget-container\">\n\t\t\t\t\t\t\t\t\t\t\t\t\t<img decoding=\"async\" width=\"1024\" height=\"718\" src=\"https:\/\/www.maciabatle.com\/wp-content\/uploads\/2017\/06\/Captura-de-pantalla-2017-06-26-a-las-12.50.53-1024x718.png\" class=\"attachment-large size-large wp-image-1780\" alt=\"\" srcset=\"https:\/\/www.maciabatle.com\/wp-content\/uploads\/2017\/06\/Captura-de-pantalla-2017-06-26-a-las-12.50.53-1024x718.png 1024w, https:\/\/www.maciabatle.com\/wp-content\/uploads\/2017\/06\/Captura-de-pantalla-2017-06-26-a-las-12.50.53-370x260.png 370w, https:\/\/www.maciabatle.com\/wp-content\/uploads\/2017\/06\/Captura-de-pantalla-2017-06-26-a-las-12.50.53-600x421.png 600w, https:\/\/www.maciabatle.com\/wp-content\/uploads\/2017\/06\/Captura-de-pantalla-2017-06-26-a-las-12.50.53-300x210.png 300w, https:\/\/www.maciabatle.com\/wp-content\/uploads\/2017\/06\/Captura-de-pantalla-2017-06-26-a-las-12.50.53-768x539.png 768w, https:\/\/www.maciabatle.com\/wp-content\/uploads\/2017\/06\/Captura-de-pantalla-2017-06-26-a-las-12.50.53-760x533.png 760w, https:\/\/www.maciabatle.com\/wp-content\/uploads\/2017\/06\/Captura-de-pantalla-2017-06-26-a-las-12.50.53.png 1152w\" sizes=\"(max-width: 1024px) 100vw, 1024px\" \/>\t\t\t\t\t\t\t\t\t\t\t\t\t<\/div>\n\t\t\t\t<\/div>\n\t\t\t\t\t<\/div>\n\t\t<\/div>\n\t\t\t\t\t<\/div>\n\t\t<\/section>\n\t\t\t\t\t<\/div>\n\t\t<\/div>\n\t\t\t\t\t<\/div>\n\t\t<\/section>\n\t\t\t\t<\/div>\n\t\t","protected":false},"excerpt":{"rendered":"<p>history 1856Maci\u00e0 Batle begins to produce wine from its own vineyards, located in Biniali. 1997Descendants of Maci\u00e0 Batle build the wineries in Santa Mar\u00eda del Cam\u00ed. 2003The Mallorcan entrepreneur Sebasti\u00e0 Rub\u00ed acquires the Maci\u00e0 Batle wineries. 2005The wineries expand and consolidate as the benchmark of the quality wine of Mallorca. bodegues maci\u00e0 batle Since 1856,&hellip;<\/p>\n","protected":false},"author":4,"featured_media":0,"parent":0,"menu_order":0,"comment_status":"closed","ping_status":"closed","template":"","meta":{"footnotes":""},"yoast_head":"<!-- This site is optimized with the Yoast SEO plugin v22.9 - https:\/\/yoast.com\/wordpress\/plugins\/seo\/ -->\n<title>History - Maci\u00e0 Batle<\/title>\n<meta name=\"robots\" content=\"index, follow, max-snippet:-1, max-image-preview:large, max-video-preview:-1\" \/>\n<link rel=\"canonical\" href=\"https:\/\/www.maciabatle.com\/en\/history\/\" \/>\n<meta property=\"og:locale\" content=\"en_US\" \/>\n<meta property=\"og:type\" content=\"article\" \/>\n<meta property=\"og:title\" content=\"History - Maci\u00e0 Batle\" \/>\n<meta property=\"og:description\" content=\"history 1856Maci\u00e0 Batle begins to produce wine from its own vineyards, located in Biniali. 1997Descendants of Maci\u00e0 Batle build the wineries in Santa Mar\u00eda del Cam\u00ed. 2003The Mallorcan entrepreneur Sebasti\u00e0 Rub\u00ed acquires the Maci\u00e0 Batle wineries. 2005The wineries expand and consolidate as the benchmark of the quality wine of Mallorca. bodegues maci\u00e0 batle Since 1856,&hellip;\" \/>\n<meta property=\"og:url\" content=\"https:\/\/www.maciabatle.com\/en\/history\/\" \/>\n<meta property=\"og:site_name\" content=\"Maci\u00e0 Batle\" \/>\n<meta property=\"article:publisher\" content=\"https:\/\/www.facebook.com\/bodeguesmaciabatle\/\" \/>\n<meta property=\"article:modified_time\" content=\"2023-05-05T13:51:11+00:00\" \/>\n<meta property=\"og:image\" content=\"https:\/\/www.maciabatle.com\/wp-content\/uploads\/2023\/02\/bodega-macia-batle-1024x685.png\" \/>\n<meta name=\"twitter:card\" content=\"summary_large_image\" \/>\n<meta name=\"twitter:label1\" content=\"Est. reading time\" \/>\n\t<meta name=\"twitter:data1\" content=\"2 minutes\" \/>\n<script type=\"application\/ld+json\" class=\"yoast-schema-graph\">{\"@context\":\"https:\/\/schema.org\",\"@graph\":[{\"@type\":\"WebPage\",\"@id\":\"https:\/\/www.maciabatle.com\/en\/history\/\",\"url\":\"https:\/\/www.maciabatle.com\/en\/history\/\",\"name\":\"History - Maci\u00e0 Batle\",\"isPartOf\":{\"@id\":\"https:\/\/www.maciabatle.com\/#website\"},\"primaryImageOfPage\":{\"@id\":\"https:\/\/www.maciabatle.com\/en\/history\/#primaryimage\"},\"image\":{\"@id\":\"https:\/\/www.maciabatle.com\/en\/history\/#primaryimage\"},\"thumbnailUrl\":\"https:\/\/www.maciabatle.com\/wp-content\/uploads\/2023\/02\/bodega-macia-batle-1024x685.png\",\"datePublished\":\"2017-06-26T05:51:42+00:00\",\"dateModified\":\"2023-05-05T13:51:11+00:00\",\"breadcrumb\":{\"@id\":\"https:\/\/www.maciabatle.com\/en\/history\/#breadcrumb\"},\"inLanguage\":\"en-US\",\"potentialAction\":[{\"@type\":\"ReadAction\",\"target\":[\"https:\/\/www.maciabatle.com\/en\/history\/\"]}]},{\"@type\":\"ImageObject\",\"inLanguage\":\"en-US\",\"@id\":\"https:\/\/www.maciabatle.com\/en\/history\/#primaryimage\",\"url\":\"https:\/\/www.maciabatle.com\/wp-content\/uploads\/2023\/02\/bodega-macia-batle-1024x685.png\",\"contentUrl\":\"https:\/\/www.maciabatle.com\/wp-content\/uploads\/2023\/02\/bodega-macia-batle-1024x685.png\"},{\"@type\":\"BreadcrumbList\",\"@id\":\"https:\/\/www.maciabatle.com\/en\/history\/#breadcrumb\",\"itemListElement\":[{\"@type\":\"ListItem\",\"position\":1,\"name\":\"Portada\",\"item\":\"https:\/\/www.maciabatle.com\/en\/\"},{\"@type\":\"ListItem\",\"position\":2,\"name\":\"History\"}]},{\"@type\":\"WebSite\",\"@id\":\"https:\/\/www.maciabatle.com\/#website\",\"url\":\"https:\/\/www.maciabatle.com\/\",\"name\":\"Bodegues Maci\u00e0 Batle\",\"description\":\"P\u00e1gina oficial Maci\u00e0 Batle\",\"publisher\":{\"@id\":\"https:\/\/www.maciabatle.com\/#organization\"},\"alternateName\":\"Bodegues Maci\u00e0 Batle\",\"potentialAction\":[{\"@type\":\"SearchAction\",\"target\":{\"@type\":\"EntryPoint\",\"urlTemplate\":\"https:\/\/www.maciabatle.com\/?s={search_term_string}\"},\"query-input\":\"required name=search_term_string\"}],\"inLanguage\":\"en-US\"},{\"@type\":\"Organization\",\"@id\":\"https:\/\/www.maciabatle.com\/#organization\",\"name\":\"Bodegues Maci\u00e0 Batle\",\"url\":\"https:\/\/www.maciabatle.com\/\",\"logo\":{\"@type\":\"ImageObject\",\"inLanguage\":\"en-US\",\"@id\":\"https:\/\/www.maciabatle.com\/#\/schema\/logo\/image\/\",\"url\":\"https:\/\/www.maciabatle.com\/wp-content\/uploads\/2017\/06\/logo.png\",\"contentUrl\":\"https:\/\/www.maciabatle.com\/wp-content\/uploads\/2017\/06\/logo.png\",\"width\":350,\"height\":96,\"caption\":\"Bodegues Maci\u00e0 Batle\"},\"image\":{\"@id\":\"https:\/\/www.maciabatle.com\/#\/schema\/logo\/image\/\"},\"sameAs\":[\"https:\/\/www.facebook.com\/bodeguesmaciabatle\/\",\"https:\/\/www.instagram.com\/maciabatle\/\",\"https:\/\/www.youtube.com\/channel\/UCw_kyI3pJ3TXQRIavgBn2xw\"]}]}<\/script>\n<!-- \/ Yoast SEO plugin. -->","yoast_head_json":{"title":"History - Maci\u00e0 Batle","robots":{"index":"index","follow":"follow","max-snippet":"max-snippet:-1","max-image-preview":"max-image-preview:large","max-video-preview":"max-video-preview:-1"},"canonical":"https:\/\/www.maciabatle.com\/en\/history\/","og_locale":"en_US","og_type":"article","og_title":"History - Maci\u00e0 Batle","og_description":"history 1856Maci\u00e0 Batle begins to produce wine from its own vineyards, located in Biniali. 1997Descendants of Maci\u00e0 Batle build the wineries in Santa Mar\u00eda del Cam\u00ed. 2003The Mallorcan entrepreneur Sebasti\u00e0 Rub\u00ed acquires the Maci\u00e0 Batle wineries. 2005The wineries expand and consolidate as the benchmark of the quality wine of Mallorca. bodegues maci\u00e0 batle Since 1856,&hellip;","og_url":"https:\/\/www.maciabatle.com\/en\/history\/","og_site_name":"Maci\u00e0 Batle","article_publisher":"https:\/\/www.facebook.com\/bodeguesmaciabatle\/","article_modified_time":"2023-05-05T13:51:11+00:00","og_image":[{"url":"https:\/\/www.maciabatle.com\/wp-content\/uploads\/2023\/02\/bodega-macia-batle-1024x685.png"}],"twitter_card":"summary_large_image","twitter_misc":{"Est. reading time":"2 minutes"},"schema":{"@context":"https:\/\/schema.org","@graph":[{"@type":"WebPage","@id":"https:\/\/www.maciabatle.com\/en\/history\/","url":"https:\/\/www.maciabatle.com\/en\/history\/","name":"History - Maci\u00e0 Batle","isPartOf":{"@id":"https:\/\/www.maciabatle.com\/#website"},"primaryImageOfPage":{"@id":"https:\/\/www.maciabatle.com\/en\/history\/#primaryimage"},"image":{"@id":"https:\/\/www.maciabatle.com\/en\/history\/#primaryimage"},"thumbnailUrl":"https:\/\/www.maciabatle.com\/wp-content\/uploads\/2023\/02\/bodega-macia-batle-1024x685.png","datePublished":"2017-06-26T05:51:42+00:00","dateModified":"2023-05-05T13:51:11+00:00","breadcrumb":{"@id":"https:\/\/www.maciabatle.com\/en\/history\/#breadcrumb"},"inLanguage":"en-US","potentialAction":[{"@type":"ReadAction","target":["https:\/\/www.maciabatle.com\/en\/history\/"]}]},{"@type":"ImageObject","inLanguage":"en-US","@id":"https:\/\/www.maciabatle.com\/en\/history\/#primaryimage","url":"https:\/\/www.maciabatle.com\/wp-content\/uploads\/2023\/02\/bodega-macia-batle-1024x685.png","contentUrl":"https:\/\/www.maciabatle.com\/wp-content\/uploads\/2023\/02\/bodega-macia-batle-1024x685.png"},{"@type":"BreadcrumbList","@id":"https:\/\/www.maciabatle.com\/en\/history\/#breadcrumb","itemListElement":[{"@type":"ListItem","position":1,"name":"Portada","item":"https:\/\/www.maciabatle.com\/en\/"},{"@type":"ListItem","position":2,"name":"History"}]},{"@type":"WebSite","@id":"https:\/\/www.maciabatle.com\/#website","url":"https:\/\/www.maciabatle.com\/","name":"Bodegues Maci\u00e0 Batle","description":"P\u00e1gina oficial Maci\u00e0 Batle","publisher":{"@id":"https:\/\/www.maciabatle.com\/#organization"},"alternateName":"Bodegues Maci\u00e0 Batle","potentialAction":[{"@type":"SearchAction","target":{"@type":"EntryPoint","urlTemplate":"https:\/\/www.maciabatle.com\/?s={search_term_string}"},"query-input":"required name=search_term_string"}],"inLanguage":"en-US"},{"@type":"Organization","@id":"https:\/\/www.maciabatle.com\/#organization","name":"Bodegues Maci\u00e0 Batle","url":"https:\/\/www.maciabatle.com\/","logo":{"@type":"ImageObject","inLanguage":"en-US","@id":"https:\/\/www.maciabatle.com\/#\/schema\/logo\/image\/","url":"https:\/\/www.maciabatle.com\/wp-content\/uploads\/2017\/06\/logo.png","contentUrl":"https:\/\/www.maciabatle.com\/wp-content\/uploads\/2017\/06\/logo.png","width":350,"height":96,"caption":"Bodegues Maci\u00e0 Batle"},"image":{"@id":"https:\/\/www.maciabatle.com\/#\/schema\/logo\/image\/"},"sameAs":["https:\/\/www.facebook.com\/bodeguesmaciabatle\/","https:\/\/www.instagram.com\/maciabatle\/","https:\/\/www.youtube.com\/channel\/UCw_kyI3pJ3TXQRIavgBn2xw"]}]}},"_links":{"self":[{"href":"https:\/\/www.maciabatle.com\/en\/wp-json\/wp\/v2\/pages\/1761"}],"collection":[{"href":"https:\/\/www.maciabatle.com\/en\/wp-json\/wp\/v2\/pages"}],"about":[{"href":"https:\/\/www.maciabatle.com\/en\/wp-json\/wp\/v2\/types\/page"}],"author":[{"embeddable":true,"href":"https:\/\/www.maciabatle.com\/en\/wp-json\/wp\/v2\/users\/4"}],"replies":[{"embeddable":true,"href":"https:\/\/www.maciabatle.com\/en\/wp-json\/wp\/v2\/comments?post=1761"}],"version-history":[{"count":5,"href":"https:\/\/www.maciabatle.com\/en\/wp-json\/wp\/v2\/pages\/1761\/revisions"}],"predecessor-version":[{"id":10130,"href":"https:\/\/www.maciabatle.com\/en\/wp-json\/wp\/v2\/pages\/1761\/revisions\/10130"}],"wp:attachment":[{"href":"https:\/\/www.maciabatle.com\/en\/wp-json\/wp\/v2\/media?parent=1761"}],"curies":[{"name":"wp","href":"https:\/\/api.w.org\/{rel}","templated":true}]}}